{"id":352,"date":"2021-06-09T16:28:54","date_gmt":"2021-06-09T16:28:54","guid":{"rendered":"https:\/\/www.blancoreinigungbern.ch\/onlineshop\/?post_type=product&#038;p=352"},"modified":"2021-08-26T15:07:08","modified_gmt":"2021-08-26T15:07:08","slug":"cillit-bang","status":"publish","type":"product","link":"https:\/\/www.blancoreinigungbern.ch\/onlineshop\/produkt\/cillit-bang\/","title":{"rendered":"Cillit Bang"},"content":{"rendered":"<p>Reizt die Augen und die Haut. Ber\u00fchrung mit den Augen und der Haut vermeiden. Bei Ber\u00fchrung mit den Augen sofort gr\u00fcndlich mit Wasser absp\u00fclen und Arzt konsultieren. Bei Ber\u00fchrung mit der Haut sofort abwaschen mit viel Wasser und Seife. Bei Verschlucken sofort \u00e4rztlichen Rat einholen und Verpackung zeigen. Nur in gut gel\u00fcfteten Bereichen verwenden. Nicht zusammen mit anderen Produkten verwenden, da gef\u00e4hrliche Gase (Chlor) freigesetzt werden k\u00f6nnen.<\/p>\n","protected":false},"excerpt":{"rendered":"<div class=\"hgroup\">\n<h1 id=\"product-detail-224844-name\" data-cy=\"product-detail-224844-name\">Cillit Bang<\/h1>\n<h2 id=\"product-detail-224844-description\">WC Kraft Gel \u2022 Hygiene &amp; Schmutz &#8211; mit Javel<em class=\"ng-star-inserted\"><span class=\"dq-de\">Brilliante Reinigung. Entfernt 99.9% der Bakterien<\/span><\/em><\/h2>\n<\/div>\n<dl>\n<dt><\/dt>\n<dt>Lagerung:<\/dt>\n<dd id=\"product-detail-224844-conservation\" class=\"ng-star-inserted\">Darf nicht in die H\u00e4nde von Kindern gelangen.<\/dd>\n<\/dl>\n<p>&nbsp;<\/p>\n<p>&nbsp;<\/p>\n","protected":false},"featured_media":353,"template":"","meta":[],"product_brand":[],"product_cat":[57,26],"product_tag":[],"class_list":{"0":"post-352","1":"product","2":"type-product","3":"status-publish","4":"has-post-thumbnail","6":"product_cat-reinigungsmittel","7":"product_cat-sanitaerreinigung","9":"first","10":"instock","11":"taxable","12":"shipping-taxable","13":"purchasable","14":"product-type-simple"},"_links":{"self":[{"href":"https:\/\/www.blancoreinigungbern.ch\/onlineshop\/wp-json\/wp\/v2\/product\/352","targetHints":{"allow":["GET"]}}],"collection":[{"href":"https:\/\/www.blancoreinigungbern.ch\/onlineshop\/wp-json\/wp\/v2\/product"}],"about":[{"href":"https:\/\/www.blancoreinigungbern.ch\/onlineshop\/wp-json\/wp\/v2\/types\/product"}],"wp:featuredmedia":[{"embeddable":true,"href":"https:\/\/www.blancoreinigungbern.ch\/onlineshop\/wp-json\/wp\/v2\/media\/353"}],"wp:attachment":[{"href":"https:\/\/www.blancoreinigungbern.ch\/onlineshop\/wp-json\/wp\/v2\/media?parent=352"}],"wp:term":[{"taxonomy":"product_brand","embeddable":true,"href":"https:\/\/www.blancoreinigungbern.ch\/onlineshop\/wp-json\/wp\/v2\/product_brand?post=352"},{"taxonomy":"product_cat","embeddable":true,"href":"https:\/\/www.blancoreinigungbern.ch\/onlineshop\/wp-json\/wp\/v2\/product_cat?post=352"},{"taxonomy":"product_tag","embeddable":true,"href":"https:\/\/www.blancoreinigungbern.ch\/onlineshop\/wp-json\/wp\/v2\/product_tag?post=352"}],"curies":[{"name":"wp","href":"https:\/\/api.w.org\/{rel}","templated":true}]}}