{"id":349,"date":"2021-06-09T16:12:48","date_gmt":"2021-06-09T16:12:48","guid":{"rendered":"https:\/\/www.blancoreinigungbern.ch\/onlineshop\/?post_type=product&#038;p=349"},"modified":"2021-08-26T15:07:54","modified_gmt":"2021-08-26T15:07:54","slug":"cillit-bang-power-cleaner","status":"publish","type":"product","link":"https:\/\/www.blancoreinigungbern.ch\/onlineshop\/produkt\/cillit-bang-power-cleaner\/","title":{"rendered":"Cillit Bang Power Cleaner"},"content":{"rendered":"<p>Geben Sie Schmutz und Schimmel keine Chance mit Cillit BANG Tiefenreiniger Schimmel &amp; Hygiene mit Aktiv-Chlor. Unsere super effektive Formel entfernt Schimmel, Verf\u00e4rbungen und Bakterien in k\u00fcrzester Zeit! Ideal f\u00fcr: Alle Keramikoberfl\u00e4chen, Wand- &amp; Bodenfliesen, Badewannen, Waschbecken, Duschkabinen &amp; -vorh\u00e4nge, Back\u00f6fen, K\u00fcchenherde, Arbeitsoberfl\u00e4chen, K\u00fchlschrankt\u00fcren, M\u00fclleimer, Chrom, Fugen. Nicht geeignet f\u00fcr: Alte, por\u00f6se &amp; besch\u00e4digte Oberfl\u00e4chen, gef\u00e4rbte Fugen, Gummi, unglasierte Fliesen, Emaille , gef\u00e4rbte, lackierte &amp; vergoldete Oberfl\u00e4chen, Holz- &amp; Laminatb\u00f6den, Textilien &amp; Teppiche, Linoleum , Polyamide &amp; Polycarbonatkunststoffe, Marmor &amp; Naturstein, Aluminium, Gold, Bronze, Kupfer, Silber &amp; Messin<\/p>\n","protected":false},"excerpt":{"rendered":"<div class=\"hgroup\">\n<h2 id=\"product-detail-102510-description\">Reiniger \u2022 Fett-Schmutz-Schimmel<em class=\"ng-star-inserted\"><span class=\"dq-de\">Ultra Glanz mit Javel<\/span><\/em><\/h2>\n<\/div>\n<dl>\n<dt><\/dt>\n<dt><\/dt>\n<dt>Inhaltsstoffe:<\/dt>\n<dd id=\"product-detail-102510-ingredients\" class=\"ng-star-inserted\">Pro 100g Fl\u00fcssigkeit: 2,6g Natriumhypochlorit. Enth\u00e4lt &lt;5% nichtionische Tenside, &lt;5% Bleichmittel auf Chlorbasis. Desinfektionsmittel. Duftstoffe.<\/dd>\n<dt class=\"ng-star-inserted\">Lagerung:<\/dt>\n<dd id=\"product-detail-102510-conservation\" class=\"ng-star-inserted\">Darf nicht in die H\u00e4nde von Kindern gelangen.<\/dd>\n<\/dl>\n","protected":false},"featured_media":351,"template":"","meta":[],"product_brand":[],"product_cat":[30,57],"product_tag":[],"class_list":{"0":"post-349","1":"product","2":"type-product","3":"status-publish","4":"has-post-thumbnail","6":"product_cat-kuechenreiniger","7":"product_cat-reinigungsmittel","9":"first","10":"instock","11":"taxable","12":"shipping-taxable","13":"purchasable","14":"product-type-simple"},"_links":{"self":[{"href":"https:\/\/www.blancoreinigungbern.ch\/onlineshop\/wp-json\/wp\/v2\/product\/349","targetHints":{"allow":["GET"]}}],"collection":[{"href":"https:\/\/www.blancoreinigungbern.ch\/onlineshop\/wp-json\/wp\/v2\/product"}],"about":[{"href":"https:\/\/www.blancoreinigungbern.ch\/onlineshop\/wp-json\/wp\/v2\/types\/product"}],"wp:featuredmedia":[{"embeddable":true,"href":"https:\/\/www.blancoreinigungbern.ch\/onlineshop\/wp-json\/wp\/v2\/media\/351"}],"wp:attachment":[{"href":"https:\/\/www.blancoreinigungbern.ch\/onlineshop\/wp-json\/wp\/v2\/media?parent=349"}],"wp:term":[{"taxonomy":"product_brand","embeddable":true,"href":"https:\/\/www.blancoreinigungbern.ch\/onlineshop\/wp-json\/wp\/v2\/product_brand?post=349"},{"taxonomy":"product_cat","embeddable":true,"href":"https:\/\/www.blancoreinigungbern.ch\/onlineshop\/wp-json\/wp\/v2\/product_cat?post=349"},{"taxonomy":"product_tag","embeddable":true,"href":"https:\/\/www.blancoreinigungbern.ch\/onlineshop\/wp-json\/wp\/v2\/product_tag?post=349"}],"curies":[{"name":"wp","href":"https:\/\/api.w.org\/{rel}","templated":true}]}}