{"id":295,"date":"2021-05-25T15:21:22","date_gmt":"2021-05-25T15:21:22","guid":{"rendered":"https:\/\/www.blancoreinigungbern.ch\/onlineshop\/?post_type=product&#038;p=295"},"modified":"2022-01-17T15:59:34","modified_gmt":"2022-01-17T15:59:34","slug":"bauwerk-wischpflege","status":"publish","type":"product","link":"https:\/\/www.blancoreinigungbern.ch\/onlineshop\/produkt\/bauwerk-wischpflege\/","title":{"rendered":"Bauwerk Wischpflege"},"content":{"rendered":"<p>Die Bauwerk Wischpflege ist ein Pflegekonzentrat auf Basis von nat\u00fcrlichem Jojoba\u00f6l f\u00fcr die laufende Unterhaltspflege von ge\u00f6ltem Bauwerk Parkett.<\/p>\n<ul>\n<li>reduziert die Abn\u00fctzung<\/li>\n<li>sch\u00fctzt die Fugen<\/li>\n<li>auf Basis von nat\u00fcrlichem Jojoba\u00f6l<\/li>\n<\/ul>\n<h3>Produktdetails:<\/h3>\n<p>Die Bauwerk Wischpflege ist ein Pflegekonzentrat auf Basis von nat\u00fcrlichem Jojoba\u00f6l f\u00fcr die laufende Unterhaltspflege von ge\u00f6ltem Bauwerk Parkett. Es ist f\u00fcr leicht beanspruchte Parkettb\u00f6den geeignet.<\/p>\n<h3>Anwendung:<\/h3>\n<p>Vor der Anwendung muss der Boden trocken gereinigt werden (Staubsauger oder Staubtuch). Die Bauwerk Wischpflege wird dem Wischwasser beigegeben. Bitte beachten Sie die zus\u00e4tzlichen Anwendungshinweise auf dem Gebinde.<\/p>\n<h3>Verpackungseinheit:<\/h3>\n<p>1 Liter PE Flasche<\/p>\n<h3>Technische Daten:<\/h3>\n<ul>\n<li>Dosierung: Zugabemenge zum Wischwasser 1 % (50 ml auf 5 Liter Wasser)<\/li>\n<li>Trocknungszeit: ca. 1 Stunde<\/li>\n<\/ul>\n<h3>Lagerung:<\/h3>\n<ul>\n<li>Mindestens 1 Jahr haltbar (unge\u00f6ffnetes Originalgebinde)<\/li>\n<li>Nicht unter 5\u00b0C lagern<\/li>\n<li>F\u00fcr Kinder unzug\u00e4nglich aufbewahren<\/li>\n<\/ul>\n<p>Principio del formulario<\/p>\n<p>&nbsp;<\/p>\n","protected":false},"excerpt":{"rendered":"<p>Die Bauwerk Wischpflege ist ein Pflegekonzentrat auf Basis von nat\u00fcrlichem Jojoba\u00f6l f\u00fcr die laufende Unterhaltspflege von ge\u00f6ltem Bauwerk Parkett.<\/p>\n<ul>\n<li>reduziert die Abn\u00fctzung<\/li>\n<li>sch\u00fctzt die Fugen<\/li>\n<li>auf Basis von nat\u00fcrlichem Jojoba\u00f6l<\/li>\n<\/ul>\n<p>&nbsp;<\/p>\n<p>&nbsp;<\/p>\n<p>&nbsp;<\/p>\n<p>&nbsp;<\/p>\n","protected":false},"featured_media":880,"template":"","meta":[],"product_brand":[],"product_cat":[20,57],"product_tag":[],"class_list":{"0":"post-295","1":"product","2":"type-product","3":"status-publish","4":"has-post-thumbnail","6":"product_cat-bodenreinigung","7":"product_cat-reinigungsmittel","9":"first","10":"instock","11":"taxable","12":"shipping-taxable","13":"purchasable","14":"product-type-simple"},"_links":{"self":[{"href":"https:\/\/www.blancoreinigungbern.ch\/onlineshop\/wp-json\/wp\/v2\/product\/295","targetHints":{"allow":["GET"]}}],"collection":[{"href":"https:\/\/www.blancoreinigungbern.ch\/onlineshop\/wp-json\/wp\/v2\/product"}],"about":[{"href":"https:\/\/www.blancoreinigungbern.ch\/onlineshop\/wp-json\/wp\/v2\/types\/product"}],"wp:featuredmedia":[{"embeddable":true,"href":"https:\/\/www.blancoreinigungbern.ch\/onlineshop\/wp-json\/wp\/v2\/media\/880"}],"wp:attachment":[{"href":"https:\/\/www.blancoreinigungbern.ch\/onlineshop\/wp-json\/wp\/v2\/media?parent=295"}],"wp:term":[{"taxonomy":"product_brand","embeddable":true,"href":"https:\/\/www.blancoreinigungbern.ch\/onlineshop\/wp-json\/wp\/v2\/product_brand?post=295"},{"taxonomy":"product_cat","embeddable":true,"href":"https:\/\/www.blancoreinigungbern.ch\/onlineshop\/wp-json\/wp\/v2\/product_cat?post=295"},{"taxonomy":"product_tag","embeddable":true,"href":"https:\/\/www.blancoreinigungbern.ch\/onlineshop\/wp-json\/wp\/v2\/product_tag?post=295"}],"curies":[{"name":"wp","href":"https:\/\/api.w.org\/{rel}","templated":true}]}}