{"id":282,"date":"2021-05-20T18:15:06","date_gmt":"2021-05-20T18:15:06","guid":{"rendered":"https:\/\/www.blancoreinigungbern.ch\/onlineshop\/?post_type=product&#038;p=282"},"modified":"2022-01-17T16:04:13","modified_gmt":"2022-01-17T16:04:13","slug":"bauwerk-pflegeoel-eco-farlos","status":"publish","type":"product","link":"https:\/\/www.blancoreinigungbern.ch\/onlineshop\/produkt\/bauwerk-pflegeoel-eco-farlos\/","title":{"rendered":"Bauwerk Pflege\u00f6l Eco Farblos"},"content":{"rendered":"<p>Das Bauwerk Pflege\u00f6l Eco farblos ist ein hochwertiges Pflege\u00f6l f\u00fcr die Unterhaltspflege von ge\u00f6lten Parkettb\u00f6den.<\/p>\n<ul>\n<li>einfach in der Anwendung<\/li>\n<li>kurze Trocknungszeit<\/li>\n<li>f\u00fcr naturge\u00f6lte Parkett-Oberfl\u00e4chen<\/li>\n<li>ohne L\u00f6semittel f\u00fcr Eco-Bauten<\/li>\n<\/ul>\n<h3>Produktdetails:<\/h3>\n<p>Das Bauwerk Pflege\u00f6l Eco farblos ist ein hochwertiges Pflege\u00f6l f\u00fcr die Unterhaltspflege von ge\u00f6lten Parkettb\u00f6den. Es n\u00e4hrt die ge\u00f6lte Oberfl\u00e4che und baut den Schutz aus.<\/p>\n<h3>Anwendung:<\/h3>\n<p>Vor der Anwendung muss der Boden trocken gereinigt werden (Staubsauger oder Staubtuch). Anschliessend das Parkett nebelfeucht wischen und trocknen lassen. Das Pflege\u00f6l Eco farblos vor Gebrauch gut sch\u00fctteln und mit einem Fl\u00e4chenwischer d\u00fcnn auftragen und einmassieren. \u00dcberschuss mit einem Baumwolltuch aufnehmen. Der Boden ist nach 3-4 Stunden schonend begehbar.<\/p>\n<h3>Verpackungseinheit:<\/h3>\n<p>1 Liter PE Flasche<\/p>\n<h3>Technische Daten:<\/h3>\n<ul>\n<li>Verbrauch: 40 \u2013 50 m\u00b2\/Liter<\/li>\n<li>Trockenzeit: 3 \u2013 4 Stunden, w\u00e4hrend dieser Zeit die Fl\u00e4che nicht betreten<\/li>\n<\/ul>\n<h3>Lagerung:<\/h3>\n<ul>\n<li>Mindestens 1 Jahr haltbar (unge\u00f6ffnetes Originalgebinde)<\/li>\n<li>Nicht unter 5\u00b0C lagern<\/li>\n<li>F\u00fcr Kinder unzug\u00e4nglich aufbewahren<\/li>\n<\/ul>\n<p>&nbsp;<\/p>\n","protected":false},"excerpt":{"rendered":"<p>Das Bauwerk Pflege\u00f6l Eco farblos ist ein hochwertiges Pflege\u00f6l f\u00fcr die Unterhaltspflege von ge\u00f6lten Parkettb\u00f6den.<\/p>\n<ul>\n<li>einfach in der Anwendung<\/li>\n<li>kurze Trocknungszeit<\/li>\n<li>f\u00fcr naturge\u00f6lte Parkett-Oberfl\u00e4chen<\/li>\n<li>ohne L\u00f6semittel f\u00fcr Eco-Bauten<\/li>\n<\/ul>\n<p>&nbsp;<\/p>\n<p>&nbsp;<\/p>\n<p>&nbsp;<\/p>\n<p>&nbsp;<\/p>\n<p>&nbsp;<\/p>\n","protected":false},"featured_media":881,"template":"","meta":[],"product_brand":[],"product_cat":[20,57],"product_tag":[],"class_list":{"0":"post-282","1":"product","2":"type-product","3":"status-publish","4":"has-post-thumbnail","6":"product_cat-bodenreinigung","7":"product_cat-reinigungsmittel","9":"first","10":"instock","11":"taxable","12":"shipping-taxable","13":"purchasable","14":"product-type-simple"},"_links":{"self":[{"href":"https:\/\/www.blancoreinigungbern.ch\/onlineshop\/wp-json\/wp\/v2\/product\/282","targetHints":{"allow":["GET"]}}],"collection":[{"href":"https:\/\/www.blancoreinigungbern.ch\/onlineshop\/wp-json\/wp\/v2\/product"}],"about":[{"href":"https:\/\/www.blancoreinigungbern.ch\/onlineshop\/wp-json\/wp\/v2\/types\/product"}],"wp:featuredmedia":[{"embeddable":true,"href":"https:\/\/www.blancoreinigungbern.ch\/onlineshop\/wp-json\/wp\/v2\/media\/881"}],"wp:attachment":[{"href":"https:\/\/www.blancoreinigungbern.ch\/onlineshop\/wp-json\/wp\/v2\/media?parent=282"}],"wp:term":[{"taxonomy":"product_brand","embeddable":true,"href":"https:\/\/www.blancoreinigungbern.ch\/onlineshop\/wp-json\/wp\/v2\/product_brand?post=282"},{"taxonomy":"product_cat","embeddable":true,"href":"https:\/\/www.blancoreinigungbern.ch\/onlineshop\/wp-json\/wp\/v2\/product_cat?post=282"},{"taxonomy":"product_tag","embeddable":true,"href":"https:\/\/www.blancoreinigungbern.ch\/onlineshop\/wp-json\/wp\/v2\/product_tag?post=282"}],"curies":[{"name":"wp","href":"https:\/\/api.w.org\/{rel}","templated":true}]}}