{"id":280,"date":"2021-05-20T18:00:20","date_gmt":"2021-05-20T18:00:20","guid":{"rendered":"https:\/\/www.blancoreinigungbern.ch\/onlineshop\/?post_type=product&#038;p=280"},"modified":"2022-01-17T16:05:53","modified_gmt":"2022-01-17T16:05:53","slug":"bauwerk-parkettreiniger","status":"publish","type":"product","link":"https:\/\/www.blancoreinigungbern.ch\/onlineshop\/produkt\/bauwerk-parkettreiniger\/","title":{"rendered":"Bauwerk Parkettreiniger"},"content":{"rendered":"<p>Der Bauwerk Parkett-Reiniger ist ein Reinigungskonzentrat zur Verwendung im Wischwasser f\u00fcr die Reinigung von versiegeltem und naturge\u00f6ltem Parkett<\/p>\n<ul>\n<li>f\u00fcr alle Bauwerk Parkett-Oberfl\u00e4chen geeignet<\/li>\n<li>sparsam im Verbrauch<\/li>\n<li>einfach in der Anwendung<\/li>\n<\/ul>\n<h3>Produktdetails:<\/h3>\n<p>Der Bauwerk Parkett-Reiniger ist ein Reinigungskonzentrat zur Verwendung im Wischwasser f\u00fcr die Reinigung von versiegeltem und naturge\u00f6ltem Parkett. Der Parkett-Reiniger l\u00f6st Schmutz und Fett von der Parkett-Oberfl\u00e4che.<\/p>\n<h3>Anwendung:<\/h3>\n<p>Vor der Anwendung muss der Boden trocken gereinigt werden (Staubsauger oder Staubtuch). Der Parkett-Reiniger wird dem Wischwasser beigegeben. Bitte beachten Sie die zus\u00e4tzlichen Anwendungshinweise auf dem Gebinde.<\/p>\n<h3>Verpackungseinheit:<\/h3>\n<p>1 Liter PE Flasche<\/p>\n<h3>Technische Daten:<\/h3>\n<p>Dosierung: Zugabemenge zum Wischwasser 1-2 % (50-100ml auf 5 Liter Wasser)<\/p>\n<h3>Lagerung:<\/h3>\n<ul>\n<li>Mindestens 1 Jahr haltbar (unge\u00f6ffnetes Originalgebinde)<\/li>\n<li>Nicht unter 5\u00b0C lagern<\/li>\n<li>F\u00fcr Kinder unzug\u00e4nglich aufbewahren<\/li>\n<\/ul>\n<p>Principio del formulario<\/p>\n<p>&nbsp;<\/p>\n","protected":false},"excerpt":{"rendered":"<p>Der Bauwerk Parkett-Reiniger ist ein Reinigungskonzentrat zur Verwendung im Wischwasser f\u00fcr die Reinigung von versiegeltem und naturge\u00f6ltem Parkett<\/p>\n<ul>\n<li>f\u00fcr alle Bauwerk Parkett-Oberfl\u00e4chen geeignet<\/li>\n<li>sparsam im Verbrauch<\/li>\n<li>einfach in der Anwendung<\/li>\n<\/ul>\n<p>&nbsp;<\/p>\n<p>&nbsp;<\/p>\n<p>&nbsp;<\/p>\n<p>&nbsp;<\/p>\n<p>&nbsp;<\/p>\n","protected":false},"featured_media":883,"template":"","meta":[],"product_brand":[],"product_cat":[20,57],"product_tag":[],"class_list":{"0":"post-280","1":"product","2":"type-product","3":"status-publish","4":"has-post-thumbnail","6":"product_cat-bodenreinigung","7":"product_cat-reinigungsmittel","9":"first","10":"instock","11":"taxable","12":"shipping-taxable","13":"purchasable","14":"product-type-simple"},"_links":{"self":[{"href":"https:\/\/www.blancoreinigungbern.ch\/onlineshop\/wp-json\/wp\/v2\/product\/280","targetHints":{"allow":["GET"]}}],"collection":[{"href":"https:\/\/www.blancoreinigungbern.ch\/onlineshop\/wp-json\/wp\/v2\/product"}],"about":[{"href":"https:\/\/www.blancoreinigungbern.ch\/onlineshop\/wp-json\/wp\/v2\/types\/product"}],"wp:featuredmedia":[{"embeddable":true,"href":"https:\/\/www.blancoreinigungbern.ch\/onlineshop\/wp-json\/wp\/v2\/media\/883"}],"wp:attachment":[{"href":"https:\/\/www.blancoreinigungbern.ch\/onlineshop\/wp-json\/wp\/v2\/media?parent=280"}],"wp:term":[{"taxonomy":"product_brand","embeddable":true,"href":"https:\/\/www.blancoreinigungbern.ch\/onlineshop\/wp-json\/wp\/v2\/product_brand?post=280"},{"taxonomy":"product_cat","embeddable":true,"href":"https:\/\/www.blancoreinigungbern.ch\/onlineshop\/wp-json\/wp\/v2\/product_cat?post=280"},{"taxonomy":"product_tag","embeddable":true,"href":"https:\/\/www.blancoreinigungbern.ch\/onlineshop\/wp-json\/wp\/v2\/product_tag?post=280"}],"curies":[{"name":"wp","href":"https:\/\/api.w.org\/{rel}","templated":true}]}}