{"id":277,"date":"2021-05-17T20:00:45","date_gmt":"2021-05-17T20:00:45","guid":{"rendered":"https:\/\/www.blancoreinigungbern.ch\/onlineshop\/?post_type=product&#038;p=277"},"modified":"2022-01-17T16:00:43","modified_gmt":"2022-01-17T16:00:43","slug":"bauwerk-intensivreiniger","status":"publish","type":"product","link":"https:\/\/www.blancoreinigungbern.ch\/onlineshop\/produkt\/bauwerk-intensivreiniger\/","title":{"rendered":"Bauwerk Intensivreiniger"},"content":{"rendered":"<p>Der Bauwerk Intensivreiniger ist ein Reinigungsmittel f\u00fcr stark verschmutztes Parkett und zur Entfernung alter Pflegemittelschichten auf versiegeltem Parkett.<\/p>\n<ul>\n<li>f\u00fcr alle Bauwerk Parkett- Oberfl\u00e4chen geeignet<\/li>\n<li>sparsam im Verbrauch<\/li>\n<li>einfach in der Anwendung<\/li>\n<\/ul>\n<h3>Produktdetails:<\/h3>\n<p>Der Bauwerk Intensivreiniger ist ein Reinigungsmittel f\u00fcr stark verschmutztes Parkett und zur Entfernung alter Pflegemittelschichten auf versiegeltem Parkett.<\/p>\n<h3>Anwendung:<\/h3>\n<p>Vor der Anwendung muss der Boden trocken gereinigt werden (Staubsauger oder Staubtuch). Der Bauwerk Intensivreiniger wird aufgespr\u00fcht. Nach kurzer Einwirkungszeit wird der \u00dcberschuss aufgewischt. Bitte beachten Sie die zus\u00e4tzlichen Anwendungshinweise auf dem Gebinde.<\/p>\n<h3>Verpackungseinheit:<\/h3>\n<p>1 Liter\u00a0PE Flasche<\/p>\n<h3>Verbrauch:<\/h3>\n<p>Auftragsmenge je nach Verschmutzung<\/p>\n<h3>Lagerung:<\/h3>\n<ul>\n<li>Mindestens 2 Jahre haltbar (unge\u00f6ffnetes Originalgebinde)<\/li>\n<li>Nicht unter 5\u00b0C lagern<\/li>\n<li>F\u00fcr Kinder unzug\u00e4nglich aufbewahren<\/li>\n<\/ul>\n<p>Principio del formulario<\/p>\n<p>&nbsp;<\/p>\n","protected":false},"excerpt":{"rendered":"<p>Der Bauwerk Intensivreiniger ist ein Reinigungsmittel f\u00fcr stark verschmutztes Parkett und zur Entfernung alter Pflegemittelschichten auf versiegeltem Parkett.<\/p>\n<ul>\n<li>f\u00fcr alle Bauwerk Parkett- Oberfl\u00e4chen geeignet<\/li>\n<li>sparsam im Verbrauch<\/li>\n<li>einfach in der Anwendung<\/li>\n<\/ul>\n<p>&nbsp;<\/p>\n<p>&nbsp;<\/p>\n<p>&nbsp;<\/p>\n<p>&nbsp;<\/p>\n<p>&nbsp;<\/p>\n<p>&nbsp;<\/p>\n","protected":false},"featured_media":885,"template":"","meta":[],"product_brand":[],"product_cat":[20,57],"product_tag":[],"class_list":{"0":"post-277","1":"product","2":"type-product","3":"status-publish","4":"has-post-thumbnail","6":"product_cat-bodenreinigung","7":"product_cat-reinigungsmittel","9":"first","10":"instock","11":"taxable","12":"shipping-taxable","13":"purchasable","14":"product-type-simple"},"_links":{"self":[{"href":"https:\/\/www.blancoreinigungbern.ch\/onlineshop\/wp-json\/wp\/v2\/product\/277","targetHints":{"allow":["GET"]}}],"collection":[{"href":"https:\/\/www.blancoreinigungbern.ch\/onlineshop\/wp-json\/wp\/v2\/product"}],"about":[{"href":"https:\/\/www.blancoreinigungbern.ch\/onlineshop\/wp-json\/wp\/v2\/types\/product"}],"wp:featuredmedia":[{"embeddable":true,"href":"https:\/\/www.blancoreinigungbern.ch\/onlineshop\/wp-json\/wp\/v2\/media\/885"}],"wp:attachment":[{"href":"https:\/\/www.blancoreinigungbern.ch\/onlineshop\/wp-json\/wp\/v2\/media?parent=277"}],"wp:term":[{"taxonomy":"product_brand","embeddable":true,"href":"https:\/\/www.blancoreinigungbern.ch\/onlineshop\/wp-json\/wp\/v2\/product_brand?post=277"},{"taxonomy":"product_cat","embeddable":true,"href":"https:\/\/www.blancoreinigungbern.ch\/onlineshop\/wp-json\/wp\/v2\/product_cat?post=277"},{"taxonomy":"product_tag","embeddable":true,"href":"https:\/\/www.blancoreinigungbern.ch\/onlineshop\/wp-json\/wp\/v2\/product_tag?post=277"}],"curies":[{"name":"wp","href":"https:\/\/api.w.org\/{rel}","templated":true}]}}