{"id":276,"date":"2021-05-17T19:54:45","date_gmt":"2021-05-17T19:54:45","guid":{"rendered":"https:\/\/www.blancoreinigungbern.ch\/onlineshop\/?post_type=product&#038;p=276"},"modified":"2022-01-17T16:02:20","modified_gmt":"2022-01-17T16:02:20","slug":"bauwerk-gerbsaeureflecken-spray","status":"publish","type":"product","link":"https:\/\/www.blancoreinigungbern.ch\/onlineshop\/produkt\/bauwerk-gerbsaeureflecken-spray\/","title":{"rendered":"Bauwerk Gerbs\u00e4ureflecken-Spray"},"content":{"rendered":"<p>F\u00fcr naturge\u00f6lte Oberfl\u00e4chen<\/p>\n<p>Das Gerbs\u00e4ureflecken-Spray entfernt effektiv dunkle und schwarze Verf\u00e4rbungen einer S\u00e4ure-\/ Wasser-Reaktion auf naturge\u00f6lten Oberfl\u00e4chen.<\/p>\n<ul>\n<li>f\u00fcr alle naturge\u00f6lten Bauwerk Parkett-Oberfl\u00e4chen geeignet<\/li>\n<li>hochwirksam<\/li>\n<\/ul>\n<p><strong>Produkteigenschaften:<\/strong><\/p>\n<p>Gerbs\u00e4ureflecken-Spray entfernt effektiv dunkle und schwarze Verf\u00e4rbungen einer S\u00e4ure-\/ Wasser-Reaktion zum Beispiel, wenn Metall mit Feuchtigkeit auf dem Holz oxidiert.<\/p>\n<p><strong>Anwendung:<\/strong><\/p>\n<ol>\n<li>Bauwerk Gerbs\u00e4ureflecken-Spray direkt aus der Flasche gleichm\u00e4ssig auf die Verf\u00e4rbung spr\u00fchen.<\/li>\n<li>Das Produkt 30\u201360 Minuten einwirken lassen, um die Verf\u00e4rbung aufzul\u00f6sen.<\/li>\n<li>Ein Tuch in lauwarmem Wasser tr\u00e4nken, auswringen und das Holz abtupfen.<\/li>\n<li>Falls notwendig, den Vorgang wiederholen.<\/li>\n<li>Die trockene Fl\u00e4che anschliessend mit dem passenden Bauwerk Pflege\u00f6l Plus oder Bauwerk Reparatur \u00d6l nachbehandeln, damit die Oberflache wieder gesch\u00fctzt ist.<\/li>\n<\/ol>\n<p><strong>Verpackungseinheit:<\/strong><\/p>\n<p>250 ml Flasche<\/p>\n<p><strong>Verbrauch:<\/strong><\/p>\n<p>Auftragsmenge je nach Verschmutzung<\/p>\n<p><strong>Lagerung:<\/strong><\/p>\n<p>Mindestens 3 Jahre haltbar (unge\u00f6ffnetes Originalgebinde)<\/p>\n<p>Das Produkt muss sicher gelagert werden und darf nicht in die H\u00e4nde von Kindern gelangen. Von W\u00e4rmequellen (z.B. Sonnenlicht) fernhalten. Vor Frost sch\u00fctzen. F\u00fcr Kinder unzug\u00e4nglich aufbewahren<\/p>\n","protected":false},"excerpt":{"rendered":"<p>F\u00fcr naturge\u00f6lte Oberfl\u00e4chen<\/p>\n<p>Das Gerbs\u00e4ureflecken-Spray entfernt effektiv dunkle und schwarze Verf\u00e4rbungen einer S\u00e4ure-\/ Wasser-Reaktion auf naturge\u00f6lten Oberfl\u00e4chen.<\/p>\n<ul>\n<li>f\u00fcr alle naturge\u00f6lten Bauwerk Parkett-Oberfl\u00e4chen geeignet<\/li>\n<li>hochwirksam<\/li>\n<\/ul>\n<p>&nbsp;<\/p>\n<p>&nbsp;<\/p>\n<p>&nbsp;<\/p>\n<p>&nbsp;<\/p>\n<p>&nbsp;<\/p>\n<p>&nbsp;<\/p>\n<p>&nbsp;<\/p>\n","protected":false},"featured_media":239,"template":"","meta":[],"product_brand":[],"product_cat":[20,57],"product_tag":[],"class_list":{"0":"post-276","1":"product","2":"type-product","3":"status-publish","4":"has-post-thumbnail","6":"product_cat-bodenreinigung","7":"product_cat-reinigungsmittel","9":"first","10":"instock","11":"taxable","12":"shipping-taxable","13":"purchasable","14":"product-type-simple"},"_links":{"self":[{"href":"https:\/\/www.blancoreinigungbern.ch\/onlineshop\/wp-json\/wp\/v2\/product\/276","targetHints":{"allow":["GET"]}}],"collection":[{"href":"https:\/\/www.blancoreinigungbern.ch\/onlineshop\/wp-json\/wp\/v2\/product"}],"about":[{"href":"https:\/\/www.blancoreinigungbern.ch\/onlineshop\/wp-json\/wp\/v2\/types\/product"}],"wp:featuredmedia":[{"embeddable":true,"href":"https:\/\/www.blancoreinigungbern.ch\/onlineshop\/wp-json\/wp\/v2\/media\/239"}],"wp:attachment":[{"href":"https:\/\/www.blancoreinigungbern.ch\/onlineshop\/wp-json\/wp\/v2\/media?parent=276"}],"wp:term":[{"taxonomy":"product_brand","embeddable":true,"href":"https:\/\/www.blancoreinigungbern.ch\/onlineshop\/wp-json\/wp\/v2\/product_brand?post=276"},{"taxonomy":"product_cat","embeddable":true,"href":"https:\/\/www.blancoreinigungbern.ch\/onlineshop\/wp-json\/wp\/v2\/product_cat?post=276"},{"taxonomy":"product_tag","embeddable":true,"href":"https:\/\/www.blancoreinigungbern.ch\/onlineshop\/wp-json\/wp\/v2\/product_tag?post=276"}],"curies":[{"name":"wp","href":"https:\/\/api.w.org\/{rel}","templated":true}]}}