{"id":275,"date":"2021-05-17T19:44:06","date_gmt":"2021-05-17T19:44:06","guid":{"rendered":"https:\/\/www.blancoreinigungbern.ch\/onlineshop\/?post_type=product&#038;p=275"},"modified":"2022-01-17T16:01:42","modified_gmt":"2022-01-17T16:01:42","slug":"bauwerk-fleckenentferner","status":"publish","type":"product","link":"https:\/\/www.blancoreinigungbern.ch\/onlineshop\/produkt\/bauwerk-fleckenentferner\/","title":{"rendered":"Bauwerk Universal Fleckenentferner"},"content":{"rendered":"<p>Der Bauwerk Fleckenentferner ist ein Spezialreiniger zur Entfernung hartn\u00e4ckiger Verschmutzungen auf versiegelten oder naturge\u00f6lten Parkettb\u00f6den<\/p>\n<ul>\n<li>f\u00fcr alle Bauwerk Parkett-Oberfl\u00e4chen geeignet<\/li>\n<li>hochwirksam<\/li>\n<li>schont die Parkett-Oberfl\u00e4che<\/li>\n<\/ul>\n<h3>Produktdetails:<\/h3>\n<p>Der Bauwerk Fleckenentferner ist ein Spezialreiniger zur Entfernung hartn\u00e4ckiger Verschmutzungen auf versiegelten oder naturge\u00f6lten Parkettb\u00f6den z.B. Wachs, Malkreide, Lippenstift, etc.<\/p>\n<h3>Anwendung:<\/h3>\n<p>Vor der Anwendung muss der Boden trocken gereinigt werden (Staubsauger oder Staubtuch). Der Fleckenentferner wird unverd\u00fcnnt auf die verschmutzte Stelle gespr\u00fcht. Nach kurzer Einwirkungszeit kann der \u00dcberschuss entfernt werden. Bitte beachten Sie die zus\u00e4tzlichen Anwendungshinweise auf dem Gebinde.<\/p>\n<h3>Verpackungseinheit:<\/h3>\n<p>150 ml PE Flasche<\/p>\n<h3>Verbrauch:<\/h3>\n<p>Auftragsmenge je nach Verschmutzung<\/p>\n<h3>Lagerung:<\/h3>\n<ul>\n<li>Mindestens 2 Jahre haltbar (unge\u00f6ffnetes Originalgebinde)<\/li>\n<li>Nicht unter 5\u00b0C lagern<\/li>\n<li>F\u00fcr Kinder unzug\u00e4nglich aufbewahren<\/li>\n<\/ul>\n","protected":false},"excerpt":{"rendered":"<p>Der Bauwerk Fleckenentferner ist ein Spezialreiniger zur Entfernung hartn\u00e4ckiger Verschmutzungen auf versiegelten oder naturge\u00f6lten Parkettb\u00f6den<\/p>\n<ul>\n<li>f\u00fcr alle Bauwerk Parkett-Oberfl\u00e4chen geeignet<\/li>\n<li>hochwirksam<\/li>\n<li>schont die Parkett-Oberfl\u00e4che<\/li>\n<\/ul>\n<p>&nbsp;<\/p>\n<p>&nbsp;<\/p>\n<p>&nbsp;<\/p>\n<h3><\/h3>\n","protected":false},"featured_media":886,"template":"","meta":[],"product_brand":[],"product_cat":[20,57],"product_tag":[],"class_list":{"0":"post-275","1":"product","2":"type-product","3":"status-publish","4":"has-post-thumbnail","6":"product_cat-bodenreinigung","7":"product_cat-reinigungsmittel","9":"first","10":"instock","11":"taxable","12":"shipping-taxable","13":"purchasable","14":"product-type-simple"},"_links":{"self":[{"href":"https:\/\/www.blancoreinigungbern.ch\/onlineshop\/wp-json\/wp\/v2\/product\/275","targetHints":{"allow":["GET"]}}],"collection":[{"href":"https:\/\/www.blancoreinigungbern.ch\/onlineshop\/wp-json\/wp\/v2\/product"}],"about":[{"href":"https:\/\/www.blancoreinigungbern.ch\/onlineshop\/wp-json\/wp\/v2\/types\/product"}],"wp:featuredmedia":[{"embeddable":true,"href":"https:\/\/www.blancoreinigungbern.ch\/onlineshop\/wp-json\/wp\/v2\/media\/886"}],"wp:attachment":[{"href":"https:\/\/www.blancoreinigungbern.ch\/onlineshop\/wp-json\/wp\/v2\/media?parent=275"}],"wp:term":[{"taxonomy":"product_brand","embeddable":true,"href":"https:\/\/www.blancoreinigungbern.ch\/onlineshop\/wp-json\/wp\/v2\/product_brand?post=275"},{"taxonomy":"product_cat","embeddable":true,"href":"https:\/\/www.blancoreinigungbern.ch\/onlineshop\/wp-json\/wp\/v2\/product_cat?post=275"},{"taxonomy":"product_tag","embeddable":true,"href":"https:\/\/www.blancoreinigungbern.ch\/onlineshop\/wp-json\/wp\/v2\/product_tag?post=275"}],"curies":[{"name":"wp","href":"https:\/\/api.w.org\/{rel}","templated":true}]}}